{"id":4115,"date":"2021-07-17T03:45:07","date_gmt":"2021-07-17T00:45:07","guid":{"rendered":"https:\/\/www.eldane.com\/int\/?page_id=4115"},"modified":"2021-12-16T19:10:24","modified_gmt":"2021-12-16T18:10:24","slug":"product-care","status":"publish","type":"page","link":"https:\/\/www.eldane.com\/fr\/help\/product-care\/","title":{"rendered":"Entretien du Produit"},"content":{"rendered":"\t\t<div data-elementor-type=\"wp-page\" data-elementor-id=\"4115\" class=\"elementor elementor-4115\">\n\t\t\t\t\t\t\t\t\t<section class=\"elementor-section elementor-top-section elementor-element elementor-element-51565003 eld-mentemp-content-cnt elementor-section-boxed elementor-section-gap-default elementor-section-height-default elementor-section-height-default\" data-id=\"51565003\" data-element_type=\"section\">\n\t\t\t\t\t\t<div class=\"elementor-container elementor-column-gap-default\">\n\t\t\t\t\t<div class=\"elementor-column elementor-col-50 elementor-top-column elementor-element elementor-element-52b8b979 eld-help-page-content-cnt\" data-id=\"52b8b979\" data-element_type=\"column\">\n\t\t\t<div class=\"elementor-column-wrap--52b8b979 elementor-widget-wrap elementor-element-populated\">\n\t\t\t\t\t\t\t\t<div class=\"elementor-element elementor-element-6517fdc1 eld-help-page-faq-cnt elementor-widget elementor-widget-pp-faq\" data-id=\"6517fdc1\" data-element_type=\"widget\" data-settings=\"{&quot;faq_layout&quot;:&quot;accordion&quot;,&quot;accordion_type&quot;:&quot;accordion&quot;,&quot;toggle_speed&quot;:300}\" data-widget_type=\"pp-faq.default\">\n\t\t\t\t<div class=\"elementor-widget-container\">\n\t\t\t\t\t<div class=\"pp-faqs pp-advanced-accordion pp-toggle-icon-align-right\" id=\"pp-advanced-accordion-6517fdc1\" data-accordion-id=\"6517fdc1\">\n\t\t\t\t\t\t<div class=\"pp-faq-item-wrap\">\n\t\t\t\t<div class=\"pp-faq-item pp-accordion-item\">\n\t\t\t\t\t<div id=\"pp-accordion-tab-title-1691\" class=\"pp-faq-question pp-accordion-tab-title\" tabindex=\"1691\" data-tab=\"1\">\n\t\t\t\t\t\t<div class=\"pp-accordion-title-icon\">\n\t\t\t\t\t\t\t\t\t\t\t\t\t\t\t\t\t\t\t\t\t<div class=\"pp-accordion-title-text\">\n\t\t\t\t\t\t\t\tIntroduction\t\t\t\t\t\t\t<\/div>\n\t\t\t\t\t\t<\/div>\n\t\t\t\t\t\t\t\t\t\t\t\t\t<div class=\"pp-accordion-toggle-icon\">\n\t\t\t\t\t\t\t\t\t\t\t\t\t\t\t\t\t<span class='pp-accordion-toggle-icon-close pp-icon'>\n\t\t\t\t\t\t\t\t\t\t<i aria-hidden=\"true\" class=\"fas fa-plus\"><\/i>\t\t\t\t\t\t\t\t\t<\/span>\n\t\t\t\t\t\t\t\t\t\t\t\t\t\t\t\t\t\t\t\t\t\t\t\t\t<span class='pp-accordion-toggle-icon-open pp-icon'>\n\t\t\t\t\t\t\t\t\t\t<i aria-hidden=\"true\" class=\"fas fa-minus\"><\/i>\t\t\t\t\t\t\t\t\t<\/span>\n\t\t\t\t\t\t\t\t\t\t\t\t\t\t\t<\/div>\n\t\t\t\t\t\t\t\t\t\t\t<\/div>\n\n\t\t\t\t\t<div id=\"pp-accordion-tab-content-1691\" class=\"pp-faq-answer pp-accordion-tab-content\" data-tab=\"1\">\n\t\t\t\t\t\t<p><strong>Pr\u00e9cautions d&#8217;entretien importantes<\/strong><\/p>\n<p>Nos produits sont fabriqu\u00e9s par des artisans exp\u00e9riment\u00e9s avec les meilleurs mat\u00e9riaux. Afin de pr\u00e9server au mieux votre produit, veuillez \u00e9viter tout contact avec des substances \u00e0 base d&#8217;huile ou d&#8217;alcool telles que les cosm\u00e9tiques, les parfums, les d\u00e9sinfectants pour les mains ou les d\u00e9sinfectants.<\/p>\n<p><strong>Bienvenue<\/strong><\/p>\n<p>L&#8217;article Paul Eldane en votre possession est confectionn\u00e9 \u00e0 partir d&#8217;une s\u00e9lection m\u00e9ticuleuse des mat\u00e9riaux les plus exquis par des artisans exp\u00e9riment\u00e9s dans nos Ateliers. Il a \u00e9t\u00e9 con\u00e7u selon les plus hauts standards de qualit\u00e9 et d&#8217;expertise qui sont les v\u00e9ritables caract\u00e9ristiques de notre maison. Votre produit nous est tr\u00e8s pr\u00e9cieux et m\u00e9rite le m\u00eame soin et la m\u00eame affection de votre part chaque jour. Avec une telle consid\u00e9ration et quelques pr\u00e9cautions simples, vous pourrez profiter de votre produit Paul Eldane pendant de nombreuses ann\u00e9es.<\/p>\n<p>Pour conserver la beaut\u00e9 de votre produit Paul Eldane au fil des ann\u00e9es, il est pr\u00e9f\u00e9rable d&#8217;en alterner p\u00e9riodiquement l&#8217;utilisation. Cela laissera au produit suffisamment de temps pour se reposer, car une usure fr\u00e9quente, ininterrompue et g\u00e9n\u00e9reuse peut entra\u00eener une d\u00e9gradation intempestive des mat\u00e9riaux.<\/p>\n<p>Il est pr\u00e9f\u00e9rable de garder le cuir \u00e0 l&#8217;\u00e9cart des \u00e9l\u00e9ments tels que l&#8217;eau, l&#8217;huile, le parfum<b>\u00a0<\/b>la chaleur et la lumi\u00e8re directes, l&#8217;humidit\u00e9 ou les environnements trop chauds ou trop froids. Une exposition prolong\u00e9e \u00e0 de tels \u00e9l\u00e9ments peut provoquer des dommages ind\u00e9sirables ou une usure pr\u00e9matur\u00e9e. Au contact de l&#8217;eau, essuyez imm\u00e9diatement avec un chiffon doux pour \u00e9viter la saturation.<\/p>\n<p>Un contact r\u00e9p\u00e9t\u00e9 avec des surfaces dures ou rugueuses (roches, sols, moquettes, tapis, murs) peut provoquer l&#8217;apparition de rayures et d&#8217;usure du grain dans les coins et les zones de plus grande usure. Un contact prolong\u00e9 avec des mat\u00e9riaux sombres ou tr\u00e8s pigment\u00e9s peut se transf\u00e9rer sur la surface de votre produit en cuir. Il est pr\u00e9f\u00e9rable de limiter l&#8217;exposition \u00e0 ces surfaces et mat\u00e9riaux pour pr\u00e9server l&#8217;aspect et la sensation d&#8217;origine de votre produit.<\/p>\n<p>Chez Paul Eldane, nous sommes fiers de notre h\u00e9ritage, de notre savoir-faire et des services de soins exceptionnels que nous sommes en mesure d&#8217;offrir \u00e0 nos clients. Nous sommes heureux de fournir des informations ou des services suppl\u00e9mentaires \u00e0 vos pi\u00e8ces<\/p>\n\t\t\t\t\t<\/div>\n\t\t\t\t<\/div>\n\t\t\t<\/div>\n\t\t\t\t\t\t<div class=\"pp-faq-item-wrap\">\n\t\t\t\t<div class=\"pp-faq-item pp-accordion-item\">\n\t\t\t\t\t<div id=\"pp-accordion-tab-title-1692\" class=\"pp-faq-question pp-accordion-tab-title\" tabindex=\"1692\" data-tab=\"2\">\n\t\t\t\t\t\t<div class=\"pp-accordion-title-icon\">\n\t\t\t\t\t\t\t\t\t\t\t\t\t\t\t\t\t\t\t\t\t<div class=\"pp-accordion-title-text\">\n\t\t\t\t\t\t\t\tMaroquinerie\t\t\t\t\t\t\t<\/div>\n\t\t\t\t\t\t<\/div>\n\t\t\t\t\t\t\t\t\t\t\t\t\t<div class=\"pp-accordion-toggle-icon\">\n\t\t\t\t\t\t\t\t\t\t\t\t\t\t\t\t\t<span class='pp-accordion-toggle-icon-close pp-icon'>\n\t\t\t\t\t\t\t\t\t\t<i aria-hidden=\"true\" class=\"fas fa-plus\"><\/i>\t\t\t\t\t\t\t\t\t<\/span>\n\t\t\t\t\t\t\t\t\t\t\t\t\t\t\t\t\t\t\t\t\t\t\t\t\t<span class='pp-accordion-toggle-icon-open pp-icon'>\n\t\t\t\t\t\t\t\t\t\t<i aria-hidden=\"true\" class=\"fas fa-minus\"><\/i>\t\t\t\t\t\t\t\t\t<\/span>\n\t\t\t\t\t\t\t\t\t\t\t\t\t\t\t<\/div>\n\t\t\t\t\t\t\t\t\t\t\t<\/div>\n\n\t\t\t\t\t<div id=\"pp-accordion-tab-content-1692\" class=\"pp-faq-answer pp-accordion-tab-content\" data-tab=\"2\">\n\t\t\t\t\t\t<p><strong>Introduction \u00e0 la Maroquinerie<\/strong><\/p>\n<p>Tout au long de la vie de votre produit, vous pourrez constater un adoucissement de la silhouette et une patine naturelle. Cette \u00e9volution ainsi que la pr\u00e9sence d&#8217;aspects naturels tels que les marques naturelles, les rides et les veines sont anticip\u00e9es et servent de preuve de l&#8217;unicit\u00e9 et de l&#8217;authenticit\u00e9 de nos produits. Chaque impression laisse un souvenir imp\u00e9rissable \u00e0 ch\u00e9rir pour toujours.<\/p>\n<p>Pour pr\u00e9server la forme de votre produit, il ne doit pas \u00eatre suremball\u00e9. Lorsque le produit n&#8217;est pas utilis\u00e9, il est pr\u00e9f\u00e9rable de le ranger dans la pochette fournie \u00e0 l&#8217;achat dans un endroit a\u00e9r\u00e9. Le stockage dans des cartons ou \u00e0 proximit\u00e9 de sources de chaleur est d\u00e9conseill\u00e9 car il a un effet dess\u00e9chant sur les mat\u00e9riaux.<\/p>\n<p><strong>Cuir Naturel<\/strong><\/p>\n<p>Ce cuir de vachette naturel au tannage v\u00e9g\u00e9tal est profond\u00e9ment ancr\u00e9 chez Paul Eldane. Une caract\u00e9ristique de ce cuir est sa transparence, qui r\u00e9v\u00e8le des marques naturelles telles que des veines et des rides, prouvant qu&#8217;il n&#8217;a pas \u00e9t\u00e9 trait\u00e9. Ce cuir d\u00e9licat et facilement rayable d\u00e9veloppera une riche patine ambr\u00e9e, propre \u00e0 chaque produit, et une plus grande souplesse dans le temps. Cette patine, ainsi que l&#8217;usure acquise \u00e0 l&#8217;usage, sont la preuve de l&#8217;authenticit\u00e9 du produit et de son parcours aux c\u00f4t\u00e9s de son propri\u00e9taire.<\/p>\n<p>Si ce cuir rencontre de l&#8217;eau, \u00e9pongez imm\u00e9diatement avec un chiffon absorbant de couleur claire et non pelucheux. Le nettoyage avec des solvants ou des produits chimiques n&#8217;est<b>\u00a0pas recommand\u00e9<\/b>. Les rem\u00e8des maison pour assombrir le cuir tels que l&#8217;huile de vison, le savon de selle, les lotions pour le cuir ou les substances de toute nature doivent \u00eatre \u00e9vit\u00e9s \u00e0 tout prix. Si le cuir se tache avant que la patine ne se d\u00e9veloppe,<b>\u00a0n&#8217;essayez pas de le nettoyer. Laissez-le s&#8217;assombrir et les taches s&#8217;estomperont parmi la couleur<\/b>. Ces produits chimiques peuvent compromettre la qualit\u00e9 et l&#8217;int\u00e9grit\u00e9 du cuir \u00e0 mesure qu&#8217;il s&#8217;use avec le temps.<\/p>\n<p><strong>Cuir de veau et cuir de vachette<\/strong><\/p>\n<p>Gr\u00e2ce \u00e0 un processus de s\u00e9lection rigoureux, les cuirs de veau et de vachette sont choisis pour leur raffinement, leur souplesse et leur toucher soyeux. Pour r\u00e9pondre aux plus hauts standards de qualit\u00e9 de Paul Eldane, seules les meilleures peaux sont s\u00e9lectionn\u00e9es. <b>Ils peuvent porter des imperfections naturelles, telles que des veines ou des rides.<\/b><\/p>\n<p>Ces cuirs soigneusement s\u00e9lectionn\u00e9s peuvent \u00eatre compromis avec l&#8217;utilisation de tout nettoyant commercial. Des \u00e9l\u00e9ments tels que des huiles, du maquillage, des parfums, des cr\u00e8mes ou des d\u00e9sinfectants appliqu\u00e9s sur le cuir peuvent compromettre sa beaut\u00e9 naturelle et ses capacit\u00e9s de performance. Pour les taches de surface, nous vous recommandons de nettoyer avec un chiffon doux et humide avec de l&#8217;eau.<\/p>\n\t\t\t\t\t<\/div>\n\t\t\t\t<\/div>\n\t\t\t<\/div>\n\t\t\t\t\t\t<div class=\"pp-faq-item-wrap\">\n\t\t\t\t<div class=\"pp-faq-item pp-accordion-item\">\n\t\t\t\t\t<div id=\"pp-accordion-tab-title-1693\" class=\"pp-faq-question pp-accordion-tab-title\" tabindex=\"1693\" data-tab=\"3\">\n\t\t\t\t\t\t<div class=\"pp-accordion-title-icon\">\n\t\t\t\t\t\t\t\t\t\t\t\t\t\t\t\t\t\t\t\t\t<div class=\"pp-accordion-title-text\">\n\t\t\t\t\t\t\t\tDes chaussures\t\t\t\t\t\t\t<\/div>\n\t\t\t\t\t\t<\/div>\n\t\t\t\t\t\t\t\t\t\t\t\t\t<div class=\"pp-accordion-toggle-icon\">\n\t\t\t\t\t\t\t\t\t\t\t\t\t\t\t\t\t<span class='pp-accordion-toggle-icon-close pp-icon'>\n\t\t\t\t\t\t\t\t\t\t<i aria-hidden=\"true\" class=\"fas fa-plus\"><\/i>\t\t\t\t\t\t\t\t\t<\/span>\n\t\t\t\t\t\t\t\t\t\t\t\t\t\t\t\t\t\t\t\t\t\t\t\t\t<span class='pp-accordion-toggle-icon-open pp-icon'>\n\t\t\t\t\t\t\t\t\t\t<i aria-hidden=\"true\" class=\"fas fa-minus\"><\/i>\t\t\t\t\t\t\t\t\t<\/span>\n\t\t\t\t\t\t\t\t\t\t\t\t\t\t\t<\/div>\n\t\t\t\t\t\t\t\t\t\t\t<\/div>\n\n\t\t\t\t\t<div id=\"pp-accordion-tab-content-1693\" class=\"pp-faq-answer pp-accordion-tab-content\" data-tab=\"3\">\n\t\t\t\t\t\t<p><strong>Introduction \u00e0 l&#8217;entretien des chaussures<\/strong><\/p>\n<p>Confectionn\u00e9es \u00e0 partir de cuirs magnifiquement s\u00e9lectionn\u00e9s, les chaussures Paul Eldane sont le parfait m\u00e9lange de sophistication et de savoir-faire, transmis par des g\u00e9n\u00e9rations d&#8217;artisans d\u00e9vou\u00e9s. Ces mat\u00e9riaux naturels et vivants n\u00e9cessitent un entretien r\u00e9gulier afin que vous puissiez pleinement appr\u00e9cier leur beaut\u00e9 et leur confort pour les ann\u00e9es \u00e0 venir.<\/p>\n<p>Il est pr\u00e9f\u00e9rable d&#8217;alterner vos chaussures tous les deux jours de port cons\u00e9cutifs. Cela permettra aux fibres de cuir d&#8217;avoir suffisamment d&#8217;air et de repos. Lorsqu&#8217;il n&#8217;est pas utilis\u00e9, rangez-le dans la pochette fournie \u00e0 l&#8217;achat dans un endroit sec \u00e0 l&#8217;\u00e9cart de toute source de chaleur directe. Pour pr\u00e9server la forme des chaussures, nous vous sugg\u00e9rons de les ranger avec un embauchoir apr\u00e8s chaque utilisation.<\/p>\n<p>Le contact avec de l&#8217;eau ou des produits contenant des solvants, des \u00e9l\u00e9ments huileux ou abrasifs doit \u00eatre \u00e9vit\u00e9 car ils peuvent provoquer des taches ou des cloques ind\u00e9sirables. Lorsque vous enfilez vos chaussures, un chausse-pied est sugg\u00e9r\u00e9 pour \u00e9viter d&#8217;endommager le mat\u00e9riau \u00e0 l&#8217;arri\u00e8re du talon. Pour un bon entretien, veillez \u00e0 faire changer p\u00e9riodiquement les toplifts (le bas du talon, g\u00e9n\u00e9ralement en caoutchouc, en contact direct avec le sol) de vos chaussures pour \u00e9viter qu&#8217;elles ne s&#8217;usent trop car elles peuvent devenir tr\u00e8s glissantes pour le porteur. .<\/p>\n<p>En prenant ainsi soin de vos chaussures Paul Eldane, vous pourrez les porter pendant de nombreuses ann\u00e9es et appr\u00e9cier pleinement leur beaut\u00e9 et leur confort. N&#8217;h\u00e9sitez pas \u00e0 nous contacter. Nos charg\u00e9s de client\u00e8le sp\u00e9cialis\u00e9s sont \u00e0 votre disposition pour vous guider et r\u00e9pondre \u00e0 vos questions.<\/p>\n<p><strong>Cuirs lisses ou grain\u00e9s\u00a0<\/strong><\/p>\n<p>Pour nettoyer le cuir grain\u00e9, essuyez les taches de surface avec un chiffon doux et humide. Une fois le cuir sec, polissez-le par mouvements circulaires \u00e0 l&#8217;aide d&#8217;une cr\u00e8me incolore de haute qualit\u00e9 et d&#8217;un chiffon doux.<\/p>\n<p><strong>Cuirs vernis\u00a0<\/strong><\/p>\n<p>Les cuirs verni peuvent \u00eatre nettoy\u00e9s avec un chiffon doux et l\u00e9g\u00e8rement humidifi\u00e9, puis s\u00e9ch\u00e9s avec un chiffon propre. Pour \u00e9viter la migration des couleurs,\u00a0<b>limitez le contact avec d&#8217;autres cuirs ou des couleurs tr\u00e8s pigment\u00e9es.<\/b><\/p>\n<p><strong>Cuirs m\u00e9talliques\u00a0<\/strong><\/p>\n<p>Les cuirs m\u00e9talliques peuvent \u00eatre nettoy\u00e9s \u00e0 l&#8217;aide d&#8217;un chiffon doux et sec.<\/p>\n<p><strong>Cuirs exotiques\u00a0<\/strong><\/p>\n<p>Les cuirs exotiques peuvent \u00eatre nettoy\u00e9s avec un chiffon doux et sec puis polis, dans le sens des \u00e9cailles, \u00e0 l&#8217;aide d&#8217;une cr\u00e8me incolore de haute qualit\u00e9. Ces cuirs sont d\u00e9licats et tr\u00e8s sensibles \u00e0 l&#8217;humidit\u00e9. Si \u00e0 tout moment ils entrent en contact avec de l&#8217;eau, \u00e9pongez-les soigneusement avec un chiffon absorbant doux.<\/p>\n<p><strong>Cuir de ch\u00e8vre, veau su\u00e9d\u00e9 et nubuck<\/strong><\/p>\n<p>Les cuirs su\u00e9d\u00e9s et nubuck peuvent \u00eatre entretenus avec une brosse \u00e0 chaussures souple pour pr\u00e9server la texture velout\u00e9e. Si les chaussures ont \u00e9t\u00e9 en contact avec de l&#8217;eau, veuillez laisser suffisamment de temps pour s\u00e9cher avant de les nettoyer. En cas de taches superficielles, une brosse en caoutchouc peut \u00eatre utilis\u00e9e.<\/p>\n<p><strong>Cuir de veau fa\u00e7on poney\u00a0<\/strong><\/p>\n<p>Ces cuirs de veau pr\u00e9cieux et d\u00e9licats ont conserv\u00e9 tous leurs poils naturels gr\u00e2ce \u00e0 un proc\u00e9d\u00e9 de tannage sp\u00e9cial. Les \u00e9ventuelles nuances de couleurs t\u00e9moignent donc de cette authenticit\u00e9. Pour nettoyer les cuirs fa\u00e7on poney, utilisez un chiffon doux et l\u00e9g\u00e8rement humidifi\u00e9 et respectez toujours le sens du poil. <b>\u00c9vitez les frottements r\u00e9p\u00e9t\u00e9s avec des objets abrasifs\u00a0<\/b>(ourlets de pantalons, brosses\u2026) qui peuvent alt\u00e9rer l&#8217;aspect lisse du poil des mollets.<\/p>\n<p><strong>Cuirs v\u00e9g\u00e9taliens<\/strong><\/p>\n<p>Les cuirs v\u00e9g\u00e9taliens peuvent \u00eatre nettoy\u00e9s \u00e0 l&#8217;aide d&#8217;un chiffon doux et sec.<\/p>\n<p><strong>Tissu<\/strong><\/p>\n<p>Les chaussures en tissu et en cuir, ou les chaussures enti\u00e8rement en tissu,\u00a0<b>ne doivent jamais \u00eatre lav\u00e9es par trempage dans l&#8217;eau ou dans une machine \u00e0 laver<\/b>. Cela provoquerait des dommages ou une migration de couleur et pourrait d\u00e9tacher la semelle de la chaussure.<\/p>\n<p>Les textiles de couleur plus claire restent sensibles aux taches. Une fois vos chaussures textiles nettoy\u00e9es, laissez-les s\u00e9cher \u00e0 l&#8217;air libre avant de les ranger dans leur pochette en feutre.<\/p>\n<p>La toile de coton peut \u00eatre nettoy\u00e9e \u00e0 l&#8217;aide d&#8217;une brosse ou d&#8217;un chiffon l\u00e9g\u00e8rement humidifi\u00e9.<\/p>\n<p>Le satin peut \u00eatre nettoy\u00e9 \u00e0 l&#8217;aide d&#8217;un chiffon tr\u00e8s l\u00e9g\u00e8rement humidifi\u00e9 par de l\u00e9gers mouvements circulaires. Parce qu&#8217;il s&#8217;agit d&#8217;un mat\u00e9riau d\u00e9licat, \u00e9vitez de le frotter trop fort pour ne pas enlever le traitement anti-tache. Des pr\u00e9cautions suppl\u00e9mentaires doivent \u00eatre prises pour ne pas rayer ce tissu contre des surfaces abrasives.<\/p>\n<p>Confectionn\u00e9es en cuir de ch\u00e8vre ou de veau, les semelles et doublures en daim sont extr\u00eamement d\u00e9licates. Ils sont sp\u00e9cialement trait\u00e9s pour stabiliser les pigments de couleur, mais il existe toujours un risque de d\u00e9coloration d\u00fb \u00e0 leur finition naturelle.<\/p>\n\t\t\t\t\t<\/div>\n\t\t\t\t<\/div>\n\t\t\t<\/div>\n\t\t\t\t\t<\/div>\n\t\t\t\t<\/div>\n\t\t\t\t<\/div>\n\t\t\t\t\t<\/div>\n\t\t<\/div>\n\t\t\t\t<div class=\"elementor-column elementor-col-50 elementor-top-column elementor-element elementor-element-572ca5c0 eld-help-page-column-widget\" data-id=\"572ca5c0\" data-element_type=\"column\">\n\t\t\t<div class=\"elementor-column-wrap--572ca5c0 elementor-widget-wrap elementor-element-populated\">\n\t\t\t\t\t\t\t\t<div class=\"elementor-element elementor-element-2a58dee elementor-widget elementor-widget-reycore-global-section\" data-id=\"2a58dee\" data-element_type=\"widget\" data-widget_type=\"reycore-global-section.default\">\n\t\t\t\t<div class=\"elementor-widget-container\">\n\t\t\t\t\t<div class=\"rey-element reyEl-gs\">\n\t\t\t\t\t<div data-elementor-type=\"wp-post\" data-elementor-id=\"4189\" class=\"elementor elementor-4189\">\n\t\t\t\t\t\t\t\t\t<section class=\"elementor-section elementor-top-section elementor-element elementor-element-4747174 elementor-section-boxed elementor-section-gap-default elementor-section-height-default elementor-section-height-default\" data-id=\"4747174\" data-element_type=\"section\">\n\t\t\t\t\t\t<div class=\"elementor-container elementor-column-gap-default\">\n\t\t\t\t\t<div class=\"elementor-column elementor-col-100 elementor-top-column elementor-element elementor-element-a7bedc1\" data-id=\"a7bedc1\" data-element_type=\"column\">\n\t\t\t<div class=\"elementor-column-wrap--a7bedc1 elementor-widget-wrap elementor-element-populated\">\n\t\t\t\t\t\t\t\t<div class=\"elementor-element elementor-element-01e1805 elementor-widget elementor-widget-html\" data-id=\"01e1805\" data-element_type=\"widget\" data-widget_type=\"html.default\">\n\t\t\t\t<div class=\"elementor-widget-container\">\n\t\t\t<div class=\"eld-contact-widget-main-cnt\">\r\n  <div class=\"eld-contact-widget-left\">\r\n    <h3>Client Services<\/h3>\r\n    <div class=\"eld-contact-widget-item\">\r\n      <h4>Phone<\/h4>\r\n      <p>Our online Client Assistants are available Monday through Saturday, between 9 AM and 10 PM (CET).<\/p>\r\n      <div>\r\n        <a href=\"tel:00302102756931\">Call Us<span class=\"eld-phone-divider\"><\/span>210 2756 931<\/a>\r\n      <\/div>\r\n    <\/div>\r\n\r\n    <div class=\"eld-contact-widget-item\">\r\n      <h4>Email<\/h4>\r\n      <p>Reach our online Client Assistants by email.<\/p>\r\n      <div>\r\n           <a href=\"https:\/\/www.eldane.com\/int\/help\/email-us\/\">Email Us<\/a>\r\n        \r\n      <\/div>\r\n    <\/div>\r\n\r\n  <\/div>\r\n\r\n  <div class=\"eld-contact-widget-right\">\r\n    <h3>Message Us<\/h3>\r\n    \r\n    <div class=\"eld-contact-widget-item\">\r\n     <p>\r\n      Our client advisors will be delighted to answer your questions.\r\n    <\/p>\r\n  \r\n      <div>\r\n        <a href=\"tel:00302102756931\">Live Chat<\/a>\r\n        <a href=\"tel:00302102756931\">WhatsApp<\/a>\r\n        <a href=\"tel:00302102756931\">Facebook Messenger<\/a>\r\n      <\/div>\r\n        \r\n  \r\n\r\n    \r\n    <\/div>\r\n    <p  class=\"eld-contact-widget-privacy-text\">\r\n      Before contacting us, please ensure that you have read our privacy policy.\r\n    <\/p>\r\n  <\/div>\r\n  \r\n<\/div>\r\n\t\t<\/div>\n\t\t\t\t<\/div>\n\t\t\t\t\t<\/div>\n\t\t<\/div>\n\t\t\t\t\t\t\t<\/div>\n\t\t<\/section>\n\t\t\t\t\t\t\t<\/div>\n\t\t\t\t<\/div>\n\t\t<!-- .reyEl-gs -->\n\t\t\t\t<\/div>\n\t\t\t\t<\/div>\n\t\t\t\t\t<\/div>\n\t\t<\/div>\n\t\t\t\t\t\t\t<\/div>\n\t\t<\/section>\n\t\t\t\t\t\t\t<\/div>\n\t\t","protected":false},"excerpt":{"rendered":"<p>Introduction Important Care Precautions Our products are crafted by experienced artisans with the finest materials.\u00a0 To best preserve your product, please prevent any contact with oil or alcohol-based substances such as cosmetics, perfumes, hand sanitizers or disinfectants. Welcome The Paul Eldane article in your possession is crafted from a meticulous selection of the most exquisite [&hellip;]<\/p>\n","protected":false},"author":2,"featured_media":0,"parent":4201,"menu_order":0,"comment_status":"closed","ping_status":"closed","template":"","meta":[],"acf":[],"_links":{"self":[{"href":"https:\/\/www.eldane.com\/fr\/wp-json\/wp\/v2\/pages\/4115"}],"collection":[{"href":"https:\/\/www.eldane.com\/fr\/wp-json\/wp\/v2\/pages"}],"about":[{"href":"https:\/\/www.eldane.com\/fr\/wp-json\/wp\/v2\/types\/page"}],"author":[{"embeddable":true,"href":"https:\/\/www.eldane.com\/fr\/wp-json\/wp\/v2\/users\/2"}],"replies":[{"embeddable":true,"href":"https:\/\/www.eldane.com\/fr\/wp-json\/wp\/v2\/comments?post=4115"}],"version-history":[{"count":0,"href":"https:\/\/www.eldane.com\/fr\/wp-json\/wp\/v2\/pages\/4115\/revisions"}],"up":[{"embeddable":true,"href":"https:\/\/www.eldane.com\/fr\/wp-json\/wp\/v2\/pages\/4201"}],"wp:attachment":[{"href":"https:\/\/www.eldane.com\/fr\/wp-json\/wp\/v2\/media?parent=4115"}],"curies":[{"name":"wp","href":"https:\/\/api.w.org\/{rel}","templated":true}]}}