{"id":25,"date":"2021-07-21T13:21:13","date_gmt":"2021-07-21T13:21:13","guid":{"rendered":"https:\/\/www.eldane.com\/fr\/product\/linda-noir-sandales\/"},"modified":"2024-09-11T19:51:35","modified_gmt":"2024-09-11T17:51:35","slug":"linda-noir-sandales","status":"publish","type":"product","link":"https:\/\/www.eldane.com\/fr\/product\/linda-noir-sandales\/","title":{"rendered":"Linda Noir Sandales"},"content":{"rendered":"<p>Les Sandales Linda Noir pr\u00e9sentent des bouts carr\u00e9s ainsi que deux brides en cuir fronc\u00e9es cr\u00e9ant un fini textur\u00e9 original. Les talons carr\u00e9s de ces sandales plates en cuir ajoutent un peu de style suppl\u00e9mentaire.<\/p>\n","protected":false},"excerpt":{"rendered":"<p>D\u00e9couvrez les sandales Plates Linda en cuir Noir. Disponible exclusivement sur eldane.com et dans les boutiques Paul Eldane.<\/p>\n","protected":false},"featured_media":38,"template":"","meta":[],"product_cat":[24],"product_tag":[],"acf":[],"_links":{"self":[{"href":"https:\/\/www.eldane.com\/fr\/wp-json\/wp\/v2\/product\/25"}],"collection":[{"href":"https:\/\/www.eldane.com\/fr\/wp-json\/wp\/v2\/product"}],"about":[{"href":"https:\/\/www.eldane.com\/fr\/wp-json\/wp\/v2\/types\/product"}],"wp:featuredmedia":[{"embeddable":true,"href":"https:\/\/www.eldane.com\/fr\/wp-json\/wp\/v2\/media\/38"}],"wp:attachment":[{"href":"https:\/\/www.eldane.com\/fr\/wp-json\/wp\/v2\/media?parent=25"}],"wp:term":[{"taxonomy":"product_cat","embeddable":true,"href":"https:\/\/www.eldane.com\/fr\/wp-json\/wp\/v2\/product_cat?post=25"},{"taxonomy":"product_tag","embeddable":true,"href":"https:\/\/www.eldane.com\/fr\/wp-json\/wp\/v2\/product_tag?post=25"}],"curies":[{"name":"wp","href":"https:\/\/api.w.org\/{rel}","templated":true}]}}