{"id":5946,"date":"2021-12-14T13:02:06","date_gmt":"2021-12-14T13:02:06","guid":{"rendered":"https:\/\/www.eldane.com\/fr\/product\/vera-noir-or\/"},"modified":"2021-12-14T17:54:53","modified_gmt":"2021-12-14T17:54:53","slug":"vera-noir-or","status":"publish","type":"product","link":"https:\/\/www.eldane.com\/fr\/product\/vera-noir-or\/","title":{"rendered":"Vera Noir &amp; Dor\u00e9"},"content":{"rendered":"<p>Modernes et \u00e9l\u00e9gants, les escarpins Vera sont confectionn\u00e9s dans un v\u00e9ritable cuir noir souple rehauss\u00e9 de cuir v\u00e9ritable dor\u00e9. Ils reposent sur des talons aiguilles imposants de 75 mm et ont des bouts pointus qui allongent les jambes. Portez le v\u00f4tre au d\u00eener avec une mini-robe.<\/p>\n","protected":false},"excerpt":{"rendered":"<p>Collection Eldane Pumps &#8211; D\u00e9couvrez les escarpins Vera en cuir noir et or, disponibles exclusivement sur eldane.com et dans les boutiques Paul Eldane.<\/p>\n","protected":false},"featured_media":5959,"template":"","meta":[],"product_cat":[22,26],"product_tag":[],"acf":[],"_links":{"self":[{"href":"https:\/\/www.eldane.com\/fr\/wp-json\/wp\/v2\/product\/5946"}],"collection":[{"href":"https:\/\/www.eldane.com\/fr\/wp-json\/wp\/v2\/product"}],"about":[{"href":"https:\/\/www.eldane.com\/fr\/wp-json\/wp\/v2\/types\/product"}],"wp:featuredmedia":[{"embeddable":true,"href":"https:\/\/www.eldane.com\/fr\/wp-json\/wp\/v2\/media\/5959"}],"wp:attachment":[{"href":"https:\/\/www.eldane.com\/fr\/wp-json\/wp\/v2\/media?parent=5946"}],"wp:term":[{"taxonomy":"product_cat","embeddable":true,"href":"https:\/\/www.eldane.com\/fr\/wp-json\/wp\/v2\/product_cat?post=5946"},{"taxonomy":"product_tag","embeddable":true,"href":"https:\/\/www.eldane.com\/fr\/wp-json\/wp\/v2\/product_tag?post=5946"}],"curies":[{"name":"wp","href":"https:\/\/api.w.org\/{rel}","templated":true}]}}