{"id":6004,"date":"2021-12-14T15:13:25","date_gmt":"2021-12-14T15:13:25","guid":{"rendered":"https:\/\/www.eldane.com\/fr\/product\/estelle-brown\/"},"modified":"2022-01-10T15:54:45","modified_gmt":"2022-01-10T14:54:45","slug":"estelle-brown","status":"publish","type":"product","link":"https:\/\/www.eldane.com\/fr\/product\/estelle-brown\/","title":{"rendered":"Estelle Marron"},"content":{"rendered":"<p>Les bottines Estelle ont \u00e9t\u00e9 m\u00e9ticuleusement confectionn\u00e9es en cuir marron lisse poli au plus haut niveau de brillance. Elles reposent sur un talon carr\u00e9 rainur\u00e9 et sont dot\u00e9es de bouts l\u00e9g\u00e8rement pointus.<\/p>\n","protected":false},"excerpt":{"rendered":"<p>Collection Bottines Eldane &#8211; D\u00e9couvrez les bottines \u00e0 talons blocs Estelle en cuir marron, disponibles en exclusivit\u00e9 sur eldane.com et dans les boutiques Paul Eldane.<\/p>\n","protected":false},"featured_media":6503,"template":"","meta":[],"product_cat":[67],"product_tag":[],"acf":[],"_links":{"self":[{"href":"https:\/\/www.eldane.com\/fr\/wp-json\/wp\/v2\/product\/6004"}],"collection":[{"href":"https:\/\/www.eldane.com\/fr\/wp-json\/wp\/v2\/product"}],"about":[{"href":"https:\/\/www.eldane.com\/fr\/wp-json\/wp\/v2\/types\/product"}],"wp:featuredmedia":[{"embeddable":true,"href":"https:\/\/www.eldane.com\/fr\/wp-json\/wp\/v2\/media\/6503"}],"wp:attachment":[{"href":"https:\/\/www.eldane.com\/fr\/wp-json\/wp\/v2\/media?parent=6004"}],"wp:term":[{"taxonomy":"product_cat","embeddable":true,"href":"https:\/\/www.eldane.com\/fr\/wp-json\/wp\/v2\/product_cat?post=6004"},{"taxonomy":"product_tag","embeddable":true,"href":"https:\/\/www.eldane.com\/fr\/wp-json\/wp\/v2\/product_tag?post=6004"}],"curies":[{"name":"wp","href":"https:\/\/api.w.org\/{rel}","templated":true}]}}