{"id":6032,"date":"2021-12-14T16:02:52","date_gmt":"2021-12-14T16:02:52","guid":{"rendered":"https:\/\/www.eldane.com\/fr\/?post_type=product&#038;p=6032"},"modified":"2021-12-14T16:02:52","modified_gmt":"2021-12-14T16:02:52","slug":"miriam-brown","status":"publish","type":"product","link":"https:\/\/www.eldane.com\/fr\/product\/miriam-brown\/","title":{"rendered":"Miriam Marron"},"content":{"rendered":"<p>Les bottines Miriam ont une boucle circulaire dor\u00e9e sur le c\u00f4t\u00e9. Elles sont r\u00e9alis\u00e9es en cuir marron v\u00e9ritable avec des d\u00e9tails en daim. Elles reposent sur des talons en bois empil\u00e9s et des semelles en caoutchouc tunit.<\/p>\n","protected":false},"excerpt":{"rendered":"<p>Collection Bottines Eldane &#8211; D\u00e9couvrez les bottines Miriam en cuir marron, disponibles en exclusivit\u00e9 sur eldane.com et dans les boutiques Paul Eldane.<\/p>\n","protected":false},"featured_media":6045,"template":"","meta":[],"product_cat":[67],"product_tag":[],"acf":[],"_links":{"self":[{"href":"https:\/\/www.eldane.com\/fr\/wp-json\/wp\/v2\/product\/6032"}],"collection":[{"href":"https:\/\/www.eldane.com\/fr\/wp-json\/wp\/v2\/product"}],"about":[{"href":"https:\/\/www.eldane.com\/fr\/wp-json\/wp\/v2\/types\/product"}],"wp:featuredmedia":[{"embeddable":true,"href":"https:\/\/www.eldane.com\/fr\/wp-json\/wp\/v2\/media\/6045"}],"wp:attachment":[{"href":"https:\/\/www.eldane.com\/fr\/wp-json\/wp\/v2\/media?parent=6032"}],"wp:term":[{"taxonomy":"product_cat","embeddable":true,"href":"https:\/\/www.eldane.com\/fr\/wp-json\/wp\/v2\/product_cat?post=6032"},{"taxonomy":"product_tag","embeddable":true,"href":"https:\/\/www.eldane.com\/fr\/wp-json\/wp\/v2\/product_tag?post=6032"}],"curies":[{"name":"wp","href":"https:\/\/api.w.org\/{rel}","templated":true}]}}