{"id":6057,"date":"2021-12-14T16:08:07","date_gmt":"2021-12-14T16:08:07","guid":{"rendered":"https:\/\/www.eldane.com\/fr\/product\/dakota-black\/"},"modified":"2022-01-17T14:18:07","modified_gmt":"2022-01-17T13:18:07","slug":"dakota-black","status":"publish","type":"product","link":"https:\/\/www.eldane.com\/fr\/product\/dakota-black\/","title":{"rendered":"Dakota Noir"},"content":{"rendered":"<p>Les bottes de combat Dakota ont \u00e9t\u00e9 fabriqu\u00e9es \u00e0 partir de cuir v\u00e9ritable souple choisi pour sa r\u00e9sistance et sa durabilit\u00e9. Elles reposent sur de grosses semelles en caoutchouc et sont dot\u00e9es d&#8217;une fermeture \u00e9clair lat\u00e9rale, vous n&#8217;aurez donc pas \u00e0 d\u00e9faire les lacets sur le devant.<\/p>\n","protected":false},"excerpt":{"rendered":"<p>Collection Bottes Eldane &#8211; D\u00e9couvrez les bottes de combat Dakota en cuir noir, disponibles exclusivement sur eldane.com et dans les boutiques Paul Eldane.<\/p>\n","protected":false},"featured_media":6070,"template":"","meta":[],"product_cat":[18],"product_tag":[],"acf":[],"_links":{"self":[{"href":"https:\/\/www.eldane.com\/fr\/wp-json\/wp\/v2\/product\/6057"}],"collection":[{"href":"https:\/\/www.eldane.com\/fr\/wp-json\/wp\/v2\/product"}],"about":[{"href":"https:\/\/www.eldane.com\/fr\/wp-json\/wp\/v2\/types\/product"}],"wp:featuredmedia":[{"embeddable":true,"href":"https:\/\/www.eldane.com\/fr\/wp-json\/wp\/v2\/media\/6070"}],"wp:attachment":[{"href":"https:\/\/www.eldane.com\/fr\/wp-json\/wp\/v2\/media?parent=6057"}],"wp:term":[{"taxonomy":"product_cat","embeddable":true,"href":"https:\/\/www.eldane.com\/fr\/wp-json\/wp\/v2\/product_cat?post=6057"},{"taxonomy":"product_tag","embeddable":true,"href":"https:\/\/www.eldane.com\/fr\/wp-json\/wp\/v2\/product_tag?post=6057"}],"curies":[{"name":"wp","href":"https:\/\/api.w.org\/{rel}","templated":true}]}}