{"id":6071,"date":"2021-12-14T16:11:28","date_gmt":"2021-12-14T16:11:28","guid":{"rendered":"https:\/\/www.eldane.com\/fr\/product\/megan-brown\/"},"modified":"2021-12-14T16:12:44","modified_gmt":"2021-12-14T16:12:44","slug":"megan-brown","status":"publish","type":"product","link":"https:\/\/www.eldane.com\/fr\/product\/megan-brown\/","title":{"rendered":"Megan Marron"},"content":{"rendered":"<p>Les bottines Megan sont confectionn\u00e9es en cuir su\u00e9d\u00e9 souple de teinte marron. Ils ont des lani\u00e8res en cuir marron qui entourent la cheville avec une d\u00e9licate boucle dor\u00e9e offrant une touche \u00e9l\u00e9gante. Les talons en bois offrent une portance de 30 mm, vous pouvez donc les porter confortablement toute la journ\u00e9e.<\/p>\n","protected":false},"excerpt":{"rendered":"<p>Collection Bottines Eldane &#8211; D\u00e9couvrez les bottines Megan en cuir su\u00e9d\u00e9 marron, disponibles en exclusivit\u00e9 sur eldane.com et dans les boutiques Paul Eldane.<\/p>\n","protected":false},"featured_media":6083,"template":"","meta":[],"product_cat":[67],"product_tag":[],"acf":[],"_links":{"self":[{"href":"https:\/\/www.eldane.com\/fr\/wp-json\/wp\/v2\/product\/6071"}],"collection":[{"href":"https:\/\/www.eldane.com\/fr\/wp-json\/wp\/v2\/product"}],"about":[{"href":"https:\/\/www.eldane.com\/fr\/wp-json\/wp\/v2\/types\/product"}],"wp:featuredmedia":[{"embeddable":true,"href":"https:\/\/www.eldane.com\/fr\/wp-json\/wp\/v2\/media\/6083"}],"wp:attachment":[{"href":"https:\/\/www.eldane.com\/fr\/wp-json\/wp\/v2\/media?parent=6071"}],"wp:term":[{"taxonomy":"product_cat","embeddable":true,"href":"https:\/\/www.eldane.com\/fr\/wp-json\/wp\/v2\/product_cat?post=6071"},{"taxonomy":"product_tag","embeddable":true,"href":"https:\/\/www.eldane.com\/fr\/wp-json\/wp\/v2\/product_tag?post=6071"}],"curies":[{"name":"wp","href":"https:\/\/api.w.org\/{rel}","templated":true}]}}