{"id":6111,"date":"2021-12-14T16:20:49","date_gmt":"2021-12-14T16:20:49","guid":{"rendered":"https:\/\/www.eldane.com\/fr\/product\/regina-brown\/"},"modified":"2024-02-02T16:18:54","modified_gmt":"2024-02-02T15:18:54","slug":"regina-brown","status":"publish","type":"product","link":"https:\/\/www.eldane.com\/fr\/product\/regina-brown\/","title":{"rendered":"Regina Marron"},"content":{"rendered":"<p>Les bottines Regina sont confectionn\u00e9es en cuir su\u00e9d\u00e9 souple de teinte marron. Ils ont des lani\u00e8res en cuir marron qui entourent la cheville avec une d\u00e9licate boucle dor\u00e9e offrant une touche \u00e9l\u00e9gante. Les talons en bois offrent 65 mm de portance, vous pouvez donc les porter confortablement toute la journ\u00e9e.<\/p>\n","protected":false},"excerpt":{"rendered":"<p>Collection Eldane Boots &#8211; D\u00e9couvrez les bottines Regina en cuir su\u00e9d\u00e9 marron, disponibles exclusivement sur eldane.com et dans les boutiques Paul Eldane.<\/p>\n","protected":false},"featured_media":6505,"template":"","meta":[],"product_cat":[67],"product_tag":[],"acf":[],"_links":{"self":[{"href":"https:\/\/www.eldane.com\/fr\/wp-json\/wp\/v2\/product\/6111"}],"collection":[{"href":"https:\/\/www.eldane.com\/fr\/wp-json\/wp\/v2\/product"}],"about":[{"href":"https:\/\/www.eldane.com\/fr\/wp-json\/wp\/v2\/types\/product"}],"wp:featuredmedia":[{"embeddable":true,"href":"https:\/\/www.eldane.com\/fr\/wp-json\/wp\/v2\/media\/6505"}],"wp:attachment":[{"href":"https:\/\/www.eldane.com\/fr\/wp-json\/wp\/v2\/media?parent=6111"}],"wp:term":[{"taxonomy":"product_cat","embeddable":true,"href":"https:\/\/www.eldane.com\/fr\/wp-json\/wp\/v2\/product_cat?post=6111"},{"taxonomy":"product_tag","embeddable":true,"href":"https:\/\/www.eldane.com\/fr\/wp-json\/wp\/v2\/product_tag?post=6111"}],"curies":[{"name":"wp","href":"https:\/\/api.w.org\/{rel}","templated":true}]}}