{"id":6125,"date":"2021-12-14T16:25:19","date_gmt":"2021-12-14T16:25:19","guid":{"rendered":"https:\/\/www.eldane.com\/fr\/product\/aliana-black\/"},"modified":"2021-12-14T16:26:40","modified_gmt":"2021-12-14T16:26:40","slug":"aliana-black","status":"publish","type":"product","link":"https:\/\/www.eldane.com\/fr\/product\/aliana-black\/","title":{"rendered":"Aliana Noir"},"content":{"rendered":"<p>Les bottines Aliana ont \u00e9t\u00e9 r\u00e9alis\u00e9es \u00e0 la main en cuir lisse et mont\u00e9es sur des talons blocs de 65 mm. Les orteils l\u00e9g\u00e8rement pointus aideront \u00e0 allonger vos jambes et \u00e0 embellir vos tenues plus d\u00e9contract\u00e9es, vous pouvez donc les porter avec tout, des jeans aux robes.<\/p>\n","protected":false},"excerpt":{"rendered":"<p>Collection Bottines Eldane &#8211; D\u00e9couvrez les bottines Aliana en cuir noir, disponibles en exclusivit\u00e9 sur eldane.com et dans les boutiques Paul Eldane.<\/p>\n","protected":false},"featured_media":6139,"template":"","meta":[],"product_cat":[67],"product_tag":[],"acf":[],"_links":{"self":[{"href":"https:\/\/www.eldane.com\/fr\/wp-json\/wp\/v2\/product\/6125"}],"collection":[{"href":"https:\/\/www.eldane.com\/fr\/wp-json\/wp\/v2\/product"}],"about":[{"href":"https:\/\/www.eldane.com\/fr\/wp-json\/wp\/v2\/types\/product"}],"wp:featuredmedia":[{"embeddable":true,"href":"https:\/\/www.eldane.com\/fr\/wp-json\/wp\/v2\/media\/6139"}],"wp:attachment":[{"href":"https:\/\/www.eldane.com\/fr\/wp-json\/wp\/v2\/media?parent=6125"}],"wp:term":[{"taxonomy":"product_cat","embeddable":true,"href":"https:\/\/www.eldane.com\/fr\/wp-json\/wp\/v2\/product_cat?post=6125"},{"taxonomy":"product_tag","embeddable":true,"href":"https:\/\/www.eldane.com\/fr\/wp-json\/wp\/v2\/product_tag?post=6125"}],"curies":[{"name":"wp","href":"https:\/\/api.w.org\/{rel}","templated":true}]}}