{"id":6140,"date":"2021-12-14T16:29:43","date_gmt":"2021-12-14T16:29:43","guid":{"rendered":"https:\/\/www.eldane.com\/fr\/product\/aliana-tan\/"},"modified":"2021-12-14T16:31:00","modified_gmt":"2021-12-14T16:31:00","slug":"aliana-tan","status":"publish","type":"product","link":"https:\/\/www.eldane.com\/fr\/product\/aliana-tan\/","title":{"rendered":"Aliana Camel"},"content":{"rendered":"<p>Les bottines Aliana ont \u00e9t\u00e9 r\u00e9alis\u00e9es \u00e0 la main en cuir su\u00e9d\u00e9 lisse et mont\u00e9es sur des talons blocs de 65 mm. Les orteils l\u00e9g\u00e8rement pointus aideront \u00e0 allonger vos jambes et \u00e0 embellir vos tenues plus d\u00e9contract\u00e9es, vous pouvez donc les porter avec tout, des jeans aux robes.<\/p>\n","protected":false},"excerpt":{"rendered":"<p>Collection Bottines Eldane &#8211; D\u00e9couvrez les bottines Aliana en cuir su\u00e9d\u00e9 beige, disponibles exclusivement sur eldane.com et dans les boutiques Paul Eldane.<\/p>\n","protected":false},"featured_media":6153,"template":"","meta":[],"product_cat":[67],"product_tag":[],"acf":[],"_links":{"self":[{"href":"https:\/\/www.eldane.com\/fr\/wp-json\/wp\/v2\/product\/6140"}],"collection":[{"href":"https:\/\/www.eldane.com\/fr\/wp-json\/wp\/v2\/product"}],"about":[{"href":"https:\/\/www.eldane.com\/fr\/wp-json\/wp\/v2\/types\/product"}],"wp:featuredmedia":[{"embeddable":true,"href":"https:\/\/www.eldane.com\/fr\/wp-json\/wp\/v2\/media\/6153"}],"wp:attachment":[{"href":"https:\/\/www.eldane.com\/fr\/wp-json\/wp\/v2\/media?parent=6140"}],"wp:term":[{"taxonomy":"product_cat","embeddable":true,"href":"https:\/\/www.eldane.com\/fr\/wp-json\/wp\/v2\/product_cat?post=6140"},{"taxonomy":"product_tag","embeddable":true,"href":"https:\/\/www.eldane.com\/fr\/wp-json\/wp\/v2\/product_tag?post=6140"}],"curies":[{"name":"wp","href":"https:\/\/api.w.org\/{rel}","templated":true}]}}