{"id":6170,"date":"2021-12-14T16:40:52","date_gmt":"2021-12-14T16:40:52","guid":{"rendered":"https:\/\/www.eldane.com\/fr\/product\/harlow-black\/"},"modified":"2021-12-14T16:42:01","modified_gmt":"2021-12-14T16:42:01","slug":"harlow-black","status":"publish","type":"product","link":"https:\/\/www.eldane.com\/fr\/product\/harlow-black\/","title":{"rendered":"Harlow Noir"},"content":{"rendered":"<p>Une it\u00e9ration moderne des styles classiques de Chelsea, ces bottes plates Harlow sont sculpt\u00e9es \u00e0 partir de cuir noir mat dans une silhouette \u00e9lanc\u00e9e qui va bien avec tout, des jeans aux jupes courtes. Elles sont mont\u00e9es sur un talon en bois de 30 mm.<\/p>\n","protected":false},"excerpt":{"rendered":"<p>Collection Eldane Boots &#8211; D\u00e9couvrez les bottines chelsea Harlow en cuir noir, disponibles exclusivement sur eldane.com et dans les boutiques Paul Eldane.<\/p>\n","protected":false},"featured_media":6184,"template":"","meta":[],"product_cat":[18],"product_tag":[],"acf":[],"_links":{"self":[{"href":"https:\/\/www.eldane.com\/fr\/wp-json\/wp\/v2\/product\/6170"}],"collection":[{"href":"https:\/\/www.eldane.com\/fr\/wp-json\/wp\/v2\/product"}],"about":[{"href":"https:\/\/www.eldane.com\/fr\/wp-json\/wp\/v2\/types\/product"}],"wp:featuredmedia":[{"embeddable":true,"href":"https:\/\/www.eldane.com\/fr\/wp-json\/wp\/v2\/media\/6184"}],"wp:attachment":[{"href":"https:\/\/www.eldane.com\/fr\/wp-json\/wp\/v2\/media?parent=6170"}],"wp:term":[{"taxonomy":"product_cat","embeddable":true,"href":"https:\/\/www.eldane.com\/fr\/wp-json\/wp\/v2\/product_cat?post=6170"},{"taxonomy":"product_tag","embeddable":true,"href":"https:\/\/www.eldane.com\/fr\/wp-json\/wp\/v2\/product_tag?post=6170"}],"curies":[{"name":"wp","href":"https:\/\/api.w.org\/{rel}","templated":true}]}}