{"id":6185,"date":"2021-12-14T16:44:35","date_gmt":"2021-12-14T16:44:35","guid":{"rendered":"https:\/\/www.eldane.com\/fr\/product\/vanessa-noir\/"},"modified":"2021-12-14T16:45:52","modified_gmt":"2021-12-14T16:45:52","slug":"vanessa-noir","status":"publish","type":"product","link":"https:\/\/www.eldane.com\/fr\/product\/vanessa-noir\/","title":{"rendered":"Vanessa Noir"},"content":{"rendered":"<p>Les bottines en cuir Vanessa sont calqu\u00e9es sur les styles Chelsea traditionnels et mont\u00e9es sur des talons sur\u00e9lev\u00e9s de 65 mm. Elles sont r\u00e9alis\u00e9es en cuir noir lisse et dot\u00e9es d&#8217;empi\u00e8cements \u00e9lastiques souples en forme de V.<\/p>\n","protected":false},"excerpt":{"rendered":"<p>Collection Bottines Eldane &#8211; D\u00e9couvrez les bottines chelsea \u00e0 talon bloc Vanessa en cuir noir, disponibles en exclusivit\u00e9 sur eldane.com et dans les boutiques Paul Eldane.<\/p>\n","protected":false},"featured_media":6200,"template":"","meta":[],"product_cat":[67],"product_tag":[],"acf":[],"_links":{"self":[{"href":"https:\/\/www.eldane.com\/fr\/wp-json\/wp\/v2\/product\/6185"}],"collection":[{"href":"https:\/\/www.eldane.com\/fr\/wp-json\/wp\/v2\/product"}],"about":[{"href":"https:\/\/www.eldane.com\/fr\/wp-json\/wp\/v2\/types\/product"}],"wp:featuredmedia":[{"embeddable":true,"href":"https:\/\/www.eldane.com\/fr\/wp-json\/wp\/v2\/media\/6200"}],"wp:attachment":[{"href":"https:\/\/www.eldane.com\/fr\/wp-json\/wp\/v2\/media?parent=6185"}],"wp:term":[{"taxonomy":"product_cat","embeddable":true,"href":"https:\/\/www.eldane.com\/fr\/wp-json\/wp\/v2\/product_cat?post=6185"},{"taxonomy":"product_tag","embeddable":true,"href":"https:\/\/www.eldane.com\/fr\/wp-json\/wp\/v2\/product_tag?post=6185"}],"curies":[{"name":"wp","href":"https:\/\/api.w.org\/{rel}","templated":true}]}}