{"id":6202,"date":"2021-12-14T16:47:58","date_gmt":"2021-12-14T16:47:58","guid":{"rendered":"https:\/\/www.eldane.com\/fr\/product\/alysson-black\/"},"modified":"2022-01-11T12:45:22","modified_gmt":"2022-01-11T11:45:22","slug":"alysson-black","status":"publish","type":"product","link":"https:\/\/www.eldane.com\/fr\/product\/alysson-black\/","title":{"rendered":"Alysson Noir"},"content":{"rendered":"<p>Ces bottines sont r\u00e9alis\u00e9es en daim et cuir souple et sont orn\u00e9es d&#8217;une \u00e9l\u00e9gante boucle ronde. Elles reposent sur des talons blocs de 65 mm faciles \u00e0 g\u00e9rer et ont des bouts en amande.<\/p>\n","protected":false},"excerpt":{"rendered":"<p>Collection Bottines Eldane &#8211; D\u00e9couvrez les bottines \u00e0 talons blocs Alysson en cuir noir, disponibles en exclusivit\u00e9 sur eldane.com et dans les boutiques Paul Eldane.<\/p>\n","protected":false},"featured_media":6529,"template":"","meta":[],"product_cat":[67],"product_tag":[],"acf":[],"_links":{"self":[{"href":"https:\/\/www.eldane.com\/fr\/wp-json\/wp\/v2\/product\/6202"}],"collection":[{"href":"https:\/\/www.eldane.com\/fr\/wp-json\/wp\/v2\/product"}],"about":[{"href":"https:\/\/www.eldane.com\/fr\/wp-json\/wp\/v2\/types\/product"}],"wp:featuredmedia":[{"embeddable":true,"href":"https:\/\/www.eldane.com\/fr\/wp-json\/wp\/v2\/media\/6529"}],"wp:attachment":[{"href":"https:\/\/www.eldane.com\/fr\/wp-json\/wp\/v2\/media?parent=6202"}],"wp:term":[{"taxonomy":"product_cat","embeddable":true,"href":"https:\/\/www.eldane.com\/fr\/wp-json\/wp\/v2\/product_cat?post=6202"},{"taxonomy":"product_tag","embeddable":true,"href":"https:\/\/www.eldane.com\/fr\/wp-json\/wp\/v2\/product_tag?post=6202"}],"curies":[{"name":"wp","href":"https:\/\/api.w.org\/{rel}","templated":true}]}}