{"id":6304,"date":"2021-12-14T17:17:39","date_gmt":"2021-12-14T17:17:39","guid":{"rendered":"https:\/\/www.eldane.com\/fr\/product\/arianna-beige\/"},"modified":"2021-12-14T17:19:08","modified_gmt":"2021-12-14T17:19:08","slug":"arianna-beige","status":"publish","type":"product","link":"https:\/\/www.eldane.com\/fr\/product\/arianna-beige\/","title":{"rendered":"Arianna Beige"},"content":{"rendered":"<p>Bottines chelsea en cuir su\u00e9d\u00e9 Arianna. Fond\u00e9es sur des semelles \u00e9paisses en caoutchouc, elles sont r\u00e9alis\u00e9es en daim beige avec des empi\u00e8cements couleur cr\u00e8me. Portez le v\u00f4tre avec un jean skinny ou des robes.<\/p>\n","protected":false},"excerpt":{"rendered":"<p>Collection Eldane Boots &#8211; D\u00e9couvrez les bottines chelsea Arianna en cuir su\u00e9d\u00e9 beige, disponibles en exclusivit\u00e9 sur eldane.com et dans les boutiques Paul Eldane.<\/p>\n","protected":false},"featured_media":6316,"template":"","meta":[],"product_cat":[18,67],"product_tag":[],"acf":[],"_links":{"self":[{"href":"https:\/\/www.eldane.com\/fr\/wp-json\/wp\/v2\/product\/6304"}],"collection":[{"href":"https:\/\/www.eldane.com\/fr\/wp-json\/wp\/v2\/product"}],"about":[{"href":"https:\/\/www.eldane.com\/fr\/wp-json\/wp\/v2\/types\/product"}],"wp:featuredmedia":[{"embeddable":true,"href":"https:\/\/www.eldane.com\/fr\/wp-json\/wp\/v2\/media\/6316"}],"wp:attachment":[{"href":"https:\/\/www.eldane.com\/fr\/wp-json\/wp\/v2\/media?parent=6304"}],"wp:term":[{"taxonomy":"product_cat","embeddable":true,"href":"https:\/\/www.eldane.com\/fr\/wp-json\/wp\/v2\/product_cat?post=6304"},{"taxonomy":"product_tag","embeddable":true,"href":"https:\/\/www.eldane.com\/fr\/wp-json\/wp\/v2\/product_tag?post=6304"}],"curies":[{"name":"wp","href":"https:\/\/api.w.org\/{rel}","templated":true}]}}