{"id":6332,"date":"2021-12-14T17:23:10","date_gmt":"2021-12-14T17:23:10","guid":{"rendered":"https:\/\/www.eldane.com\/fr\/product\/romilly-olive\/"},"modified":"2021-12-14T17:24:14","modified_gmt":"2021-12-14T17:24:14","slug":"romilly-olive","status":"publish","type":"product","link":"https:\/\/www.eldane.com\/fr\/product\/romilly-olive\/","title":{"rendered":"Romilly Kaki"},"content":{"rendered":"<p>Les escarpins Romilly sont confectionn\u00e9s en cuir su\u00e9d\u00e9 souple et dot\u00e9s de bouts pointus qui allongent les jambes. Elles reposent sur des talons aiguilles de 75 mm et sont agr\u00e9ment\u00e9es de brides en cuir en daim beige. La teinte olive s&#8217;int\u00e9grera facilement dans votre garde-robe.<\/p>\n","protected":false},"excerpt":{"rendered":"<p>Eldane Pumps Collection &#8211; D\u00e9couvrez les talons Romilly olive &amp; cuir su\u00e9d\u00e9 beige, disponible en exclusivit\u00e9 sur eldane.com et dans les boutiques Paul Eldane.<\/p>\n","protected":false},"featured_media":6345,"template":"","meta":[],"product_cat":[22,26],"product_tag":[],"acf":[],"_links":{"self":[{"href":"https:\/\/www.eldane.com\/fr\/wp-json\/wp\/v2\/product\/6332"}],"collection":[{"href":"https:\/\/www.eldane.com\/fr\/wp-json\/wp\/v2\/product"}],"about":[{"href":"https:\/\/www.eldane.com\/fr\/wp-json\/wp\/v2\/types\/product"}],"wp:featuredmedia":[{"embeddable":true,"href":"https:\/\/www.eldane.com\/fr\/wp-json\/wp\/v2\/media\/6345"}],"wp:attachment":[{"href":"https:\/\/www.eldane.com\/fr\/wp-json\/wp\/v2\/media?parent=6332"}],"wp:term":[{"taxonomy":"product_cat","embeddable":true,"href":"https:\/\/www.eldane.com\/fr\/wp-json\/wp\/v2\/product_cat?post=6332"},{"taxonomy":"product_tag","embeddable":true,"href":"https:\/\/www.eldane.com\/fr\/wp-json\/wp\/v2\/product_tag?post=6332"}],"curies":[{"name":"wp","href":"https:\/\/api.w.org\/{rel}","templated":true}]}}