{"id":6362,"date":"2021-12-14T17:30:58","date_gmt":"2021-12-14T17:30:58","guid":{"rendered":"https:\/\/www.eldane.com\/fr\/product\/romilly-black\/"},"modified":"2021-12-14T17:32:24","modified_gmt":"2021-12-14T17:32:24","slug":"romilly-black","status":"publish","type":"product","link":"https:\/\/www.eldane.com\/fr\/product\/romilly-black\/","title":{"rendered":"Romilly Noir"},"content":{"rendered":"<p>Les escarpins Romilly sont confectionn\u00e9s en cuir su\u00e9d\u00e9 souple et dot\u00e9s de bouts pointus qui allongent les jambes. Elles reposent sur des talons aiguilles de 75 mm et sont habill\u00e9es de cuir noir. La teinte noire s&#8217;int\u00e9grera facilement dans votre garde-robe.<\/p>\n","protected":false},"excerpt":{"rendered":"<p>Collection Eldane Pumps &#8211; D\u00e9couvrez les escarpins Romilly en cuir su\u00e9d\u00e9 noir &amp; cuir souple, disponible en exclusivit\u00e9 sur eldane.com et dans les boutiques Paul Eldane.<\/p>\n","protected":false},"featured_media":6375,"template":"","meta":[],"product_cat":[22,26],"product_tag":[],"acf":[],"_links":{"self":[{"href":"https:\/\/www.eldane.com\/fr\/wp-json\/wp\/v2\/product\/6362"}],"collection":[{"href":"https:\/\/www.eldane.com\/fr\/wp-json\/wp\/v2\/product"}],"about":[{"href":"https:\/\/www.eldane.com\/fr\/wp-json\/wp\/v2\/types\/product"}],"wp:featuredmedia":[{"embeddable":true,"href":"https:\/\/www.eldane.com\/fr\/wp-json\/wp\/v2\/media\/6375"}],"wp:attachment":[{"href":"https:\/\/www.eldane.com\/fr\/wp-json\/wp\/v2\/media?parent=6362"}],"wp:term":[{"taxonomy":"product_cat","embeddable":true,"href":"https:\/\/www.eldane.com\/fr\/wp-json\/wp\/v2\/product_cat?post=6362"},{"taxonomy":"product_tag","embeddable":true,"href":"https:\/\/www.eldane.com\/fr\/wp-json\/wp\/v2\/product_tag?post=6362"}],"curies":[{"name":"wp","href":"https:\/\/api.w.org\/{rel}","templated":true}]}}