{"id":6419,"date":"2021-12-14T17:42:29","date_gmt":"2021-12-14T17:42:29","guid":{"rendered":"https:\/\/www.eldane.com\/fr\/product\/eliza-black\/"},"modified":"2021-12-19T14:05:44","modified_gmt":"2021-12-19T13:05:44","slug":"eliza-black","status":"publish","type":"product","link":"https:\/\/www.eldane.com\/fr\/product\/eliza-black\/","title":{"rendered":"Eliza Noir"},"content":{"rendered":"<p>Les escarpins Eliza sont dot\u00e9s de brides incurv\u00e9es \u00e0 la fois confortables et flatteuses. Mont\u00e9es sur des talons fins de 75 mm, elles sont fabriqu\u00e9es en cuir su\u00e9d\u00e9 v\u00e9ritable doux comme du beurre qui s&#8217;assouplira encore plus avec le temps. Ajustez les sangles de cheville pour obtenir un ajustement parfait.<\/p>\n","protected":false},"excerpt":{"rendered":"<p>Collection Eldane Pumps &#8211; D\u00e9couvrez les escarpins Eliza en cuir su\u00e9d\u00e9 noir, disponibles exclusivement sur eldane.com et dans les boutiques Paul Eldane.<\/p>\n","protected":false},"featured_media":6433,"template":"","meta":[],"product_cat":[22,26],"product_tag":[],"acf":[],"_links":{"self":[{"href":"https:\/\/www.eldane.com\/fr\/wp-json\/wp\/v2\/product\/6419"}],"collection":[{"href":"https:\/\/www.eldane.com\/fr\/wp-json\/wp\/v2\/product"}],"about":[{"href":"https:\/\/www.eldane.com\/fr\/wp-json\/wp\/v2\/types\/product"}],"wp:featuredmedia":[{"embeddable":true,"href":"https:\/\/www.eldane.com\/fr\/wp-json\/wp\/v2\/media\/6433"}],"wp:attachment":[{"href":"https:\/\/www.eldane.com\/fr\/wp-json\/wp\/v2\/media?parent=6419"}],"wp:term":[{"taxonomy":"product_cat","embeddable":true,"href":"https:\/\/www.eldane.com\/fr\/wp-json\/wp\/v2\/product_cat?post=6419"},{"taxonomy":"product_tag","embeddable":true,"href":"https:\/\/www.eldane.com\/fr\/wp-json\/wp\/v2\/product_tag?post=6419"}],"curies":[{"name":"wp","href":"https:\/\/api.w.org\/{rel}","templated":true}]}}