{"id":6434,"date":"2021-12-14T17:45:10","date_gmt":"2021-12-14T17:45:10","guid":{"rendered":"https:\/\/www.eldane.com\/fr\/product\/shannon-dusty-pink\/"},"modified":"2021-12-14T17:46:42","modified_gmt":"2021-12-14T17:46:42","slug":"shannon-dusty-pink","status":"publish","type":"product","link":"https:\/\/www.eldane.com\/fr\/product\/shannon-dusty-pink\/","title":{"rendered":"Shannon Blush"},"content":{"rendered":"<p>Escarpins en cuir Shannon. Elles sont confectionn\u00e9es en cuir su\u00e9d\u00e9 blush souple et arborent une silhouette r\u00e9tro d&#8217;Orsay avec un bout pointu qui repose sur des talons fins de 75 mm. Portez le v\u00f4tre avec un jean, un tailleur et des jupes midi.<\/p>\n","protected":false},"excerpt":{"rendered":"<p>Collection Eldane Pumps &#8211; D\u00e9couvrez les escarpins Shannon en cuir su\u00e9d\u00e9 blush, disponibles exclusivement sur eldane.com et dans les boutiques Paul Eldane.<\/p>\n","protected":false},"featured_media":6449,"template":"","meta":[],"product_cat":[22,26],"product_tag":[],"acf":[],"_links":{"self":[{"href":"https:\/\/www.eldane.com\/fr\/wp-json\/wp\/v2\/product\/6434"}],"collection":[{"href":"https:\/\/www.eldane.com\/fr\/wp-json\/wp\/v2\/product"}],"about":[{"href":"https:\/\/www.eldane.com\/fr\/wp-json\/wp\/v2\/types\/product"}],"wp:featuredmedia":[{"embeddable":true,"href":"https:\/\/www.eldane.com\/fr\/wp-json\/wp\/v2\/media\/6449"}],"wp:attachment":[{"href":"https:\/\/www.eldane.com\/fr\/wp-json\/wp\/v2\/media?parent=6434"}],"wp:term":[{"taxonomy":"product_cat","embeddable":true,"href":"https:\/\/www.eldane.com\/fr\/wp-json\/wp\/v2\/product_cat?post=6434"},{"taxonomy":"product_tag","embeddable":true,"href":"https:\/\/www.eldane.com\/fr\/wp-json\/wp\/v2\/product_tag?post=6434"}],"curies":[{"name":"wp","href":"https:\/\/api.w.org\/{rel}","templated":true}]}}