{"id":6532,"date":"2022-01-12T17:06:38","date_gmt":"2022-01-12T16:06:38","guid":{"rendered":"https:\/\/www.eldane.com\/fr\/product\/paige-black\/"},"modified":"2022-11-25T18:46:57","modified_gmt":"2022-11-25T17:46:57","slug":"paige-black","status":"publish","type":"product","link":"https:\/\/www.eldane.com\/fr\/product\/paige-black\/","title":{"rendered":"Paige Noir"},"content":{"rendered":"<p>Simples et intemporelles, nos bottines Paige sont doubl\u00e9es et r\u00e9alis\u00e9es en cuir souple. Cette paire \u00e0 hauteur du genou a des bouts en amande et des semelles en caoutchouc confortables. Assurez-vous de traiter le v\u00f4tre avec un spray protecteur appropri\u00e9.<\/p>\n","protected":false},"excerpt":{"rendered":"<p>Collection Eldane Boots &#8211; D\u00e9couvrez les bottines chelsea Arianna en cuir noir, disponibles en exclusivit\u00e9 sur eldane.com et dans les boutiques Paul Eldane.<\/p>\n","protected":false},"featured_media":6536,"template":"","meta":[],"product_cat":[18],"product_tag":[],"acf":[],"_links":{"self":[{"href":"https:\/\/www.eldane.com\/fr\/wp-json\/wp\/v2\/product\/6532"}],"collection":[{"href":"https:\/\/www.eldane.com\/fr\/wp-json\/wp\/v2\/product"}],"about":[{"href":"https:\/\/www.eldane.com\/fr\/wp-json\/wp\/v2\/types\/product"}],"wp:featuredmedia":[{"embeddable":true,"href":"https:\/\/www.eldane.com\/fr\/wp-json\/wp\/v2\/media\/6536"}],"wp:attachment":[{"href":"https:\/\/www.eldane.com\/fr\/wp-json\/wp\/v2\/media?parent=6532"}],"wp:term":[{"taxonomy":"product_cat","embeddable":true,"href":"https:\/\/www.eldane.com\/fr\/wp-json\/wp\/v2\/product_cat?post=6532"},{"taxonomy":"product_tag","embeddable":true,"href":"https:\/\/www.eldane.com\/fr\/wp-json\/wp\/v2\/product_tag?post=6532"}],"curies":[{"name":"wp","href":"https:\/\/api.w.org\/{rel}","templated":true}]}}